{"id":82,"date":"2020-12-01T14:39:50","date_gmt":"2020-12-01T14:39:50","guid":{"rendered":"https:\/\/www.humatica.com\/?page_id=82"},"modified":"2025-08-04T13:09:31","modified_gmt":"2025-08-04T12:09:31","slug":"careers","status":"publish","type":"page","link":"https:\/\/www.humatica.com\/de\/careers\/","title":{"rendered":"Karriere"},"content":{"rendered":"<p>Join the Humatica team. Humatica is a specialist advisor for Organizational Effectiveness in Private Equity. We helps private equity funds and portfolio company leaders build organizations to deliver alpha. Our unique tools and services have codified the behaviours and management processes which drive profitable growth and value creation for all stakeholders. We offer exciting, challenging and fast-paced work with high calibre Private Equity clients, across a wide variety of industries and geographies, tackling complex business issues.<\/p>\n<p>Humatica\u2019s journey started in 2003 with <a href=\"https:\/\/www.humatica.com\/de\/our-people\/\">Andros Payne<\/a>\u2019s vision to quantify and codify the critical individual and organizational behaviours that drive the collective ability to grow stakeholder value.<\/p>\n<p>Nach sorgf\u00e4ltiger Beobachtung wertschaffender organisatorischer Verhaltensweisen in diversen und vielf\u00e4ltigen Unternehmen, machte sich Andros daran, neue Analysemethoden zu entwickeln. Diese sollten auf Systemanalyse, Signalverarbeitung und Kontrolltheorie basieren, um die spezifischen Verhaltensweisen und Managementprozesse, welche die Agilit\u00e4t vorantreiben, zu messen und zu steuern. Mit einer k\u00fchnen Idee und rudiment\u00e4ren Analysewerkzeugen begann er mit ersten Projekten f\u00fcr Private-Equity-Klienten, die ihre Unternehmensperformance umgestalten mussten, um den Wert zu steigern.<\/p>\n<p>Im Laufe der Zeit und angesichts des zunehmenden Drucks auf die Renditen der Anteilseigner erkannten immer mehr Fonds und F\u00fchrungskr\u00e4fte von Portfoliounternehmen die Vorteile einer fr\u00fchzeitigen, faktenbasierten Transparenz \u00fcber die Organisationen der Portfoliounternehmen, um die Wertsteigerung zu beschleunigen.<\/p>\n<p>Die geografische Expansion wurde mit einem wachsenden internationalen Klientenstamm und einem erfahrenen Team fortgesetzt, das Private-Equity- und Firmenklienten in ganz Europa, Nordamerika und Asien betreut. In diesem Zeitraum wurden Humaticas einzigartige Tools und Benchmark-Datenbanken stetig verbessert, um wertvolle Erkenntnisse schneller digital zu liefern. Eine wachsende Zahl von Blue-Chip-Fonds verl\u00e4sst sich heute auf unsere strukturierten Services als integraler Bestandteil ihrer Best-Practice-Investitionsprozesse.<\/p>\n<p>As an employee-owned partnership, Humatica aims to set the standard in Organizational Effectiveness for the Private Equity industry.<\/p>\n<p>Learn more about Organizational Effectiveness in Private Equity in the <a href=\"https:\/\/open.spotify.com\/show\/32uS8K4yuiigjmNiMoNsuV?si=dQcV104qRt62bFaNfDw-hA\">alpha Talks Podcast<\/a> .<\/p>\n<p><a href=\"https:\/\/www.humatica.com\/de\/careers\/\">Apply today<\/a> to join the Humatica team.<\/p>","protected":false},"excerpt":{"rendered":"<p>Join the Humatica team. Humatica is a specialist advisor for Organizational Effectiveness in Private Equity. We helps private equity funds and portfolio company leaders build&hellip;<\/p>","protected":false},"author":1,"featured_media":375,"parent":0,"menu_order":0,"comment_status":"closed","ping_status":"closed","template":"careers-template.php","meta":{"_acf_changed":false,"content-type":"","inline_featured_image":false,"footnotes":""},"class_list":["post-82","page","type-page","status-publish","has-post-thumbnail","hentry"],"acf":[],"yoast_head":"<!-- This site is optimized with the Yoast SEO plugin v27.2 - https:\/\/yoast.com\/product\/yoast-seo-wordpress\/ -->\n<title>Apply today to join Team Humatica - Careers at Humatica<\/title>\n<meta name=\"description\" content=\"Join Team Humatica! We are the leading advisor for Organizational Effectiveness in Private Equity, working across a wide range of industries.\" \/>\n<meta name=\"robots\" content=\"index, follow, max-snippet:-1, max-image-preview:large, max-video-preview:-1\" \/>\n<link rel=\"canonical\" href=\"https:\/\/www.humatica.com\/de\/careers\/\" \/>\n<meta property=\"og:locale\" content=\"de_DE\" \/>\n<meta property=\"og:type\" content=\"article\" \/>\n<meta property=\"og:title\" content=\"Apply today to join Team Humatica - Careers at Humatica\" \/>\n<meta property=\"og:description\" content=\"Join Team Humatica! We are the leading advisor for Organizational Effectiveness in Private Equity, working across a wide range of industries.\" \/>\n<meta property=\"og:url\" content=\"https:\/\/www.humatica.com\/de\/careers\/\" \/>\n<meta property=\"og:site_name\" content=\"Humatica\" \/>\n<meta property=\"article:modified_time\" content=\"2025-08-04T12:09:31+00:00\" \/>\n<meta name=\"twitter:card\" content=\"summary_large_image\" \/>\n<meta name=\"twitter:label1\" content=\"Gesch\u00e4tzte Lesezeit\" \/>\n\t<meta name=\"twitter:data1\" content=\"2\u00a0Minuten\" \/>\n<script type=\"application\/ld+json\" class=\"yoast-schema-graph\">{\"@context\":\"https:\/\/schema.org\",\"@graph\":[{\"@type\":\"WebPage\",\"@id\":\"https:\/\/www.humatica.com\/careers\/\",\"url\":\"https:\/\/www.humatica.com\/careers\/\",\"name\":\"Apply today to join Team Humatica - Careers at Humatica\",\"isPartOf\":{\"@id\":\"https:\/\/www.humatica.com\/#website\"},\"primaryImageOfPage\":{\"@id\":\"https:\/\/www.humatica.com\/careers\/#primaryimage\"},\"image\":{\"@id\":\"https:\/\/www.humatica.com\/careers\/#primaryimage\"},\"thumbnailUrl\":\"https:\/\/www.humatica.com\/wp-content\/uploads\/2020\/12\/career_banner.svg\",\"datePublished\":\"2020-12-01T14:39:50+00:00\",\"dateModified\":\"2025-08-04T12:09:31+00:00\",\"description\":\"Join Team Humatica! We are the leading advisor for Organizational Effectiveness in Private Equity, working across a wide range of industries.\",\"breadcrumb\":{\"@id\":\"https:\/\/www.humatica.com\/careers\/#breadcrumb\"},\"inLanguage\":\"de\",\"potentialAction\":[{\"@type\":\"ReadAction\",\"target\":[\"https:\/\/www.humatica.com\/careers\/\"]}]},{\"@type\":\"ImageObject\",\"inLanguage\":\"de\",\"@id\":\"https:\/\/www.humatica.com\/careers\/#primaryimage\",\"url\":\"https:\/\/www.humatica.com\/wp-content\/uploads\/2020\/12\/career_banner.svg\",\"contentUrl\":\"https:\/\/www.humatica.com\/wp-content\/uploads\/2020\/12\/career_banner.svg\",\"width\":629,\"height\":486},{\"@type\":\"BreadcrumbList\",\"@id\":\"https:\/\/www.humatica.com\/careers\/#breadcrumb\",\"itemListElement\":[{\"@type\":\"ListItem\",\"position\":1,\"name\":\"Home\",\"item\":\"https:\/\/www.humatica.com\/\"},{\"@type\":\"ListItem\",\"position\":2,\"name\":\"Careers\"}]},{\"@type\":\"WebSite\",\"@id\":\"https:\/\/www.humatica.com\/#website\",\"url\":\"https:\/\/www.humatica.com\/\",\"name\":\"Humatica\",\"description\":\"Activate organizations. Deliver alpha.\",\"publisher\":{\"@id\":\"https:\/\/www.humatica.com\/#organization\"},\"potentialAction\":[{\"@type\":\"SearchAction\",\"target\":{\"@type\":\"EntryPoint\",\"urlTemplate\":\"https:\/\/www.humatica.com\/?s={search_term_string}\"},\"query-input\":{\"@type\":\"PropertyValueSpecification\",\"valueRequired\":true,\"valueName\":\"search_term_string\"}}],\"inLanguage\":\"de\"},{\"@type\":\"Organization\",\"@id\":\"https:\/\/www.humatica.com\/#organization\",\"name\":\"Humatica\",\"url\":\"https:\/\/www.humatica.com\/\",\"logo\":{\"@type\":\"ImageObject\",\"inLanguage\":\"de\",\"@id\":\"https:\/\/www.humatica.com\/#\/schema\/logo\/image\/\",\"url\":\"https:\/\/www.humatica.com\/wp-content\/uploads\/2020\/12\/humatica-footer-logo@2x.png\",\"contentUrl\":\"https:\/\/www.humatica.com\/wp-content\/uploads\/2020\/12\/humatica-footer-logo@2x.png\",\"width\":412,\"height\":146,\"caption\":\"Humatica\"},\"image\":{\"@id\":\"https:\/\/www.humatica.com\/#\/schema\/logo\/image\/\"},\"sameAs\":[\"https:\/\/www.linkedin.com\/company\/humatica-ag\/\"]}]}<\/script>\n<!-- \/ Yoast SEO plugin. -->","yoast_head_json":{"title":"Apply today to join Team Humatica - Careers at Humatica","description":"Join Team Humatica! We are the leading advisor for Organizational Effectiveness in Private Equity, working across a wide range of industries.","robots":{"index":"index","follow":"follow","max-snippet":"max-snippet:-1","max-image-preview":"max-image-preview:large","max-video-preview":"max-video-preview:-1"},"canonical":"https:\/\/www.humatica.com\/de\/careers\/","og_locale":"de_DE","og_type":"article","og_title":"Apply today to join Team Humatica - Careers at Humatica","og_description":"Join Team Humatica! We are the leading advisor for Organizational Effectiveness in Private Equity, working across a wide range of industries.","og_url":"https:\/\/www.humatica.com\/de\/careers\/","og_site_name":"Humatica","article_modified_time":"2025-08-04T12:09:31+00:00","twitter_card":"summary_large_image","twitter_misc":{"Gesch\u00e4tzte Lesezeit":"2\u00a0Minuten"},"schema":{"@context":"https:\/\/schema.org","@graph":[{"@type":"WebPage","@id":"https:\/\/www.humatica.com\/careers\/","url":"https:\/\/www.humatica.com\/careers\/","name":"Apply today to join Team Humatica - Careers at Humatica","isPartOf":{"@id":"https:\/\/www.humatica.com\/#website"},"primaryImageOfPage":{"@id":"https:\/\/www.humatica.com\/careers\/#primaryimage"},"image":{"@id":"https:\/\/www.humatica.com\/careers\/#primaryimage"},"thumbnailUrl":"https:\/\/www.humatica.com\/wp-content\/uploads\/2020\/12\/career_banner.svg","datePublished":"2020-12-01T14:39:50+00:00","dateModified":"2025-08-04T12:09:31+00:00","description":"Join Team Humatica! We are the leading advisor for Organizational Effectiveness in Private Equity, working across a wide range of industries.","breadcrumb":{"@id":"https:\/\/www.humatica.com\/careers\/#breadcrumb"},"inLanguage":"de","potentialAction":[{"@type":"ReadAction","target":["https:\/\/www.humatica.com\/careers\/"]}]},{"@type":"ImageObject","inLanguage":"de","@id":"https:\/\/www.humatica.com\/careers\/#primaryimage","url":"https:\/\/www.humatica.com\/wp-content\/uploads\/2020\/12\/career_banner.svg","contentUrl":"https:\/\/www.humatica.com\/wp-content\/uploads\/2020\/12\/career_banner.svg","width":629,"height":486},{"@type":"BreadcrumbList","@id":"https:\/\/www.humatica.com\/careers\/#breadcrumb","itemListElement":[{"@type":"ListItem","position":1,"name":"Home","item":"https:\/\/www.humatica.com\/"},{"@type":"ListItem","position":2,"name":"Careers"}]},{"@type":"WebSite","@id":"https:\/\/www.humatica.com\/#website","url":"https:\/\/www.humatica.com\/","name":"Humatica","description":"Activate organizations. Deliver alpha.","publisher":{"@id":"https:\/\/www.humatica.com\/#organization"},"potentialAction":[{"@type":"SearchAction","target":{"@type":"EntryPoint","urlTemplate":"https:\/\/www.humatica.com\/?s={search_term_string}"},"query-input":{"@type":"PropertyValueSpecification","valueRequired":true,"valueName":"search_term_string"}}],"inLanguage":"de"},{"@type":"Organization","@id":"https:\/\/www.humatica.com\/#organization","name":"Humatica","url":"https:\/\/www.humatica.com\/","logo":{"@type":"ImageObject","inLanguage":"de","@id":"https:\/\/www.humatica.com\/#\/schema\/logo\/image\/","url":"https:\/\/www.humatica.com\/wp-content\/uploads\/2020\/12\/humatica-footer-logo@2x.png","contentUrl":"https:\/\/www.humatica.com\/wp-content\/uploads\/2020\/12\/humatica-footer-logo@2x.png","width":412,"height":146,"caption":"Humatica"},"image":{"@id":"https:\/\/www.humatica.com\/#\/schema\/logo\/image\/"},"sameAs":["https:\/\/www.linkedin.com\/company\/humatica-ag\/"]}]}},"_links":{"self":[{"href":"https:\/\/www.humatica.com\/de\/wp-json\/wp\/v2\/pages\/82","targetHints":{"allow":["GET"]}}],"collection":[{"href":"https:\/\/www.humatica.com\/de\/wp-json\/wp\/v2\/pages"}],"about":[{"href":"https:\/\/www.humatica.com\/de\/wp-json\/wp\/v2\/types\/page"}],"author":[{"embeddable":true,"href":"https:\/\/www.humatica.com\/de\/wp-json\/wp\/v2\/users\/1"}],"replies":[{"embeddable":true,"href":"https:\/\/www.humatica.com\/de\/wp-json\/wp\/v2\/comments?post=82"}],"version-history":[{"count":71,"href":"https:\/\/www.humatica.com\/de\/wp-json\/wp\/v2\/pages\/82\/revisions"}],"predecessor-version":[{"id":9347,"href":"https:\/\/www.humatica.com\/de\/wp-json\/wp\/v2\/pages\/82\/revisions\/9347"}],"wp:featuredmedia":[{"embeddable":true,"href":"https:\/\/www.humatica.com\/de\/wp-json\/wp\/v2\/media\/375"}],"wp:attachment":[{"href":"https:\/\/www.humatica.com\/de\/wp-json\/wp\/v2\/media?parent=82"}],"curies":[{"name":"wp","href":"https:\/\/api.w.org\/{rel}","templated":true}]}}