{"id":109,"date":"2020-12-01T14:42:32","date_gmt":"2020-12-01T14:42:32","guid":{"rendered":"https:\/\/www.humatica.com\/?page_id=109"},"modified":"2023-10-12T18:12:40","modified_gmt":"2023-10-12T17:12:40","slug":"services","status":"publish","type":"page","link":"https:\/\/www.humatica.com\/de\/services\/","title":{"rendered":"Services"},"content":{"rendered":"<p>Humatica&#8217;s unique suite of tool-supported services enables accelerated value growth for our private equity clients and portfolio companies.<\/p>\n<p>Humatica is a specialist advisor for Organizational Effectiveness in Private Equity. We helps private equity funds and portfolio company leaders build organizations to deliver alpha. Our unique tools and services have codified the behaviours and management processes which drive profitable growth and value creation for all stakeholders.<\/p>\n<p>Humatica hilft Unternehmen im Besitz von Private Equity Fonds dabei hervorragende Ergebnisse bei minimalem Risiko zu erzielen.<\/p>\n<p>Wir helfen Fonds und F\u00fchrungskr\u00e4ften von Portfoliounternehmen, die Herausforderung zu meistern, ehrgeizige Wertsteigerungspl\u00e4ne zu verwirklichen, indem wir mit allen Beteiligten zusammenarbeiten, um die Organisation f\u00fcr den Erfolg auszurichten und startklar zu machen.<\/p>\n<p><a href=\"https:\/\/www.humatica.com\/de\/services\/\">Humatica\u2019s tool-supported services<\/a> and big-data benchmarks put hard facts around the critical behaviours and management practices that drive value creation for all stakeholders.<\/p>\n<p>Durch faktenbasierte Transparenz, gepaart mit fundierter F\u00fchrungserfahrung, erm\u00f6glichen unsere Services die schnelle Erreichung eines Konsens \u00fcber pragmatische Verbesserungen, um die Organisation auf die Erzielung von Alpha auszurichten.<\/p>\n<p>Humatica\u2019s journey started in 2003 with <a href=\"https:\/\/www.humatica.com\/de\/our-people\/\">Andros Payne<\/a>\u2019s vision to quantify and codify the critical individual and organizational behaviours that drive the collective ability to grow stakeholder value.<\/p>\n<p>Nach sorgf\u00e4ltiger Beobachtung wertschaffender organisatorischer Verhaltensweisen in diversen und vielf\u00e4ltigen Unternehmen, machte sich Andros daran, neue Analysemethoden zu entwickeln. Diese sollten auf Systemanalyse, Signalverarbeitung und Kontrolltheorie basieren, um die spezifischen Verhaltensweisen und Managementprozesse, welche die Agilit\u00e4t vorantreiben, zu messen und zu steuern. Mit einer k\u00fchnen Idee und rudiment\u00e4ren Analysewerkzeugen begann er mit ersten Projekten f\u00fcr Private-Equity-Klienten, die ihre Unternehmensperformance umgestalten mussten, um den Wert zu steigern.<\/p>\n<p>Im Laufe der Zeit und angesichts des zunehmenden Drucks auf die Renditen der Anteilseigner erkannten immer mehr Fonds und F\u00fchrungskr\u00e4fte von Portfoliounternehmen die Vorteile einer fr\u00fchzeitigen, faktenbasierten Transparenz \u00fcber die Organisationen der Portfoliounternehmen, um die Wertsteigerung zu beschleunigen.<\/p>\n<p>Die geografische Expansion wurde mit einem wachsenden internationalen Klientenstamm und einem erfahrenen Team fortgesetzt, das Private-Equity- und Firmenklienten in ganz Europa, Nordamerika und Asien betreut. In diesem Zeitraum wurden Humaticas einzigartige Tools und Benchmark-Datenbanken stetig verbessert, um wertvolle Erkenntnisse schneller digital zu liefern. Eine wachsende Zahl von Blue-Chip-Fonds verl\u00e4sst sich heute auf unsere strukturierten Services als integraler Bestandteil ihrer Best-Practice-Investitionsprozesse.<\/p>\n<p>As an employee-owned partnership, Humatica aims to set the standard in Organizational Effectiveness for the Private Equity industry.<\/p>\n<p>Learn more about Organizational Effectiveness in Private Equity in the <a href=\"https:\/\/open.spotify.com\/show\/32uS8K4yuiigjmNiMoNsuV?si=dQcV104qRt62bFaNfDw-hA\">alpha Talks Podcast<\/a> hosted by Enno Krey.<\/p>\n<p>&nbsp;<\/p>\n<p>&nbsp;<\/p>","protected":false},"excerpt":{"rendered":"<p>Humatica&#8217;s unique suite of tool-supported services enables accelerated value growth for our private equity clients and portfolio companies. Humatica is a specialist advisor for Organizational&hellip;<\/p>","protected":false},"author":1,"featured_media":270,"parent":0,"menu_order":0,"comment_status":"closed","ping_status":"closed","template":"service-template.php","meta":{"_acf_changed":false,"content-type":"","inline_featured_image":false,"footnotes":""},"class_list":["post-109","page","type-page","status-publish","has-post-thumbnail","hentry"],"acf":[],"yoast_head":"<!-- This site is optimized with the Yoast SEO plugin v27.2 - https:\/\/yoast.com\/product\/yoast-seo-wordpress\/ -->\n<title>Services for Private Equity Value Growth - Humatica<\/title>\n<meta name=\"description\" content=\"Humatica&#039;s unique suite of tool-supported services enables accelerated value growth for our private equity clients and portfolio companies.\" \/>\n<meta name=\"robots\" content=\"index, follow, max-snippet:-1, max-image-preview:large, max-video-preview:-1\" \/>\n<link rel=\"canonical\" href=\"https:\/\/www.humatica.com\/de\/services\/\" \/>\n<meta property=\"og:locale\" content=\"de_DE\" \/>\n<meta property=\"og:type\" content=\"article\" \/>\n<meta property=\"og:title\" content=\"Services for Private Equity Value Growth - Humatica\" \/>\n<meta property=\"og:description\" content=\"Humatica&#039;s unique suite of tool-supported services enables accelerated value growth for our private equity clients and portfolio companies.\" \/>\n<meta property=\"og:url\" content=\"https:\/\/www.humatica.com\/de\/services\/\" \/>\n<meta property=\"og:site_name\" content=\"Humatica\" \/>\n<meta property=\"article:modified_time\" content=\"2023-10-12T17:12:40+00:00\" \/>\n<meta name=\"twitter:card\" content=\"summary_large_image\" \/>\n<meta name=\"twitter:label1\" content=\"Gesch\u00e4tzte Lesezeit\" \/>\n\t<meta name=\"twitter:data1\" content=\"2\u00a0Minuten\" \/>\n<script type=\"application\/ld+json\" class=\"yoast-schema-graph\">{\"@context\":\"https:\/\/schema.org\",\"@graph\":[{\"@type\":\"WebPage\",\"@id\":\"https:\/\/www.humatica.com\/services\/\",\"url\":\"https:\/\/www.humatica.com\/services\/\",\"name\":\"Services for Private Equity Value Growth - Humatica\",\"isPartOf\":{\"@id\":\"https:\/\/www.humatica.com\/#website\"},\"primaryImageOfPage\":{\"@id\":\"https:\/\/www.humatica.com\/services\/#primaryimage\"},\"image\":{\"@id\":\"https:\/\/www.humatica.com\/services\/#primaryimage\"},\"thumbnailUrl\":\"https:\/\/www.humatica.com\/wp-content\/uploads\/2020\/12\/service_banner.svg\",\"datePublished\":\"2020-12-01T14:42:32+00:00\",\"dateModified\":\"2023-10-12T17:12:40+00:00\",\"description\":\"Humatica's unique suite of tool-supported services enables accelerated value growth for our private equity clients and portfolio companies.\",\"breadcrumb\":{\"@id\":\"https:\/\/www.humatica.com\/services\/#breadcrumb\"},\"inLanguage\":\"de\",\"potentialAction\":[{\"@type\":\"ReadAction\",\"target\":[\"https:\/\/www.humatica.com\/services\/\"]}]},{\"@type\":\"ImageObject\",\"inLanguage\":\"de\",\"@id\":\"https:\/\/www.humatica.com\/services\/#primaryimage\",\"url\":\"https:\/\/www.humatica.com\/wp-content\/uploads\/2020\/12\/service_banner.svg\",\"contentUrl\":\"https:\/\/www.humatica.com\/wp-content\/uploads\/2020\/12\/service_banner.svg\",\"width\":691,\"height\":485,\"caption\":\"Organizational Effectiveness\"},{\"@type\":\"BreadcrumbList\",\"@id\":\"https:\/\/www.humatica.com\/services\/#breadcrumb\",\"itemListElement\":[{\"@type\":\"ListItem\",\"position\":1,\"name\":\"Home\",\"item\":\"https:\/\/www.humatica.com\/\"},{\"@type\":\"ListItem\",\"position\":2,\"name\":\"Services\"}]},{\"@type\":\"WebSite\",\"@id\":\"https:\/\/www.humatica.com\/#website\",\"url\":\"https:\/\/www.humatica.com\/\",\"name\":\"Humatica\",\"description\":\"Activate organizations. Deliver alpha.\",\"publisher\":{\"@id\":\"https:\/\/www.humatica.com\/#organization\"},\"potentialAction\":[{\"@type\":\"SearchAction\",\"target\":{\"@type\":\"EntryPoint\",\"urlTemplate\":\"https:\/\/www.humatica.com\/?s={search_term_string}\"},\"query-input\":{\"@type\":\"PropertyValueSpecification\",\"valueRequired\":true,\"valueName\":\"search_term_string\"}}],\"inLanguage\":\"de\"},{\"@type\":\"Organization\",\"@id\":\"https:\/\/www.humatica.com\/#organization\",\"name\":\"Humatica\",\"url\":\"https:\/\/www.humatica.com\/\",\"logo\":{\"@type\":\"ImageObject\",\"inLanguage\":\"de\",\"@id\":\"https:\/\/www.humatica.com\/#\/schema\/logo\/image\/\",\"url\":\"https:\/\/www.humatica.com\/wp-content\/uploads\/2020\/12\/humatica-footer-logo@2x.png\",\"contentUrl\":\"https:\/\/www.humatica.com\/wp-content\/uploads\/2020\/12\/humatica-footer-logo@2x.png\",\"width\":412,\"height\":146,\"caption\":\"Humatica\"},\"image\":{\"@id\":\"https:\/\/www.humatica.com\/#\/schema\/logo\/image\/\"},\"sameAs\":[\"https:\/\/www.linkedin.com\/company\/humatica-ag\/\"]}]}<\/script>\n<!-- \/ Yoast SEO plugin. -->","yoast_head_json":{"title":"Services for Private Equity Value Growth - Humatica","description":"Humatica's unique suite of tool-supported services enables accelerated value growth for our private equity clients and portfolio companies.","robots":{"index":"index","follow":"follow","max-snippet":"max-snippet:-1","max-image-preview":"max-image-preview:large","max-video-preview":"max-video-preview:-1"},"canonical":"https:\/\/www.humatica.com\/de\/services\/","og_locale":"de_DE","og_type":"article","og_title":"Services for Private Equity Value Growth - Humatica","og_description":"Humatica's unique suite of tool-supported services enables accelerated value growth for our private equity clients and portfolio companies.","og_url":"https:\/\/www.humatica.com\/de\/services\/","og_site_name":"Humatica","article_modified_time":"2023-10-12T17:12:40+00:00","twitter_card":"summary_large_image","twitter_misc":{"Gesch\u00e4tzte Lesezeit":"2\u00a0Minuten"},"schema":{"@context":"https:\/\/schema.org","@graph":[{"@type":"WebPage","@id":"https:\/\/www.humatica.com\/services\/","url":"https:\/\/www.humatica.com\/services\/","name":"Services for Private Equity Value Growth - Humatica","isPartOf":{"@id":"https:\/\/www.humatica.com\/#website"},"primaryImageOfPage":{"@id":"https:\/\/www.humatica.com\/services\/#primaryimage"},"image":{"@id":"https:\/\/www.humatica.com\/services\/#primaryimage"},"thumbnailUrl":"https:\/\/www.humatica.com\/wp-content\/uploads\/2020\/12\/service_banner.svg","datePublished":"2020-12-01T14:42:32+00:00","dateModified":"2023-10-12T17:12:40+00:00","description":"Humatica's unique suite of tool-supported services enables accelerated value growth for our private equity clients and portfolio companies.","breadcrumb":{"@id":"https:\/\/www.humatica.com\/services\/#breadcrumb"},"inLanguage":"de","potentialAction":[{"@type":"ReadAction","target":["https:\/\/www.humatica.com\/services\/"]}]},{"@type":"ImageObject","inLanguage":"de","@id":"https:\/\/www.humatica.com\/services\/#primaryimage","url":"https:\/\/www.humatica.com\/wp-content\/uploads\/2020\/12\/service_banner.svg","contentUrl":"https:\/\/www.humatica.com\/wp-content\/uploads\/2020\/12\/service_banner.svg","width":691,"height":485,"caption":"Organizational Effectiveness"},{"@type":"BreadcrumbList","@id":"https:\/\/www.humatica.com\/services\/#breadcrumb","itemListElement":[{"@type":"ListItem","position":1,"name":"Home","item":"https:\/\/www.humatica.com\/"},{"@type":"ListItem","position":2,"name":"Services"}]},{"@type":"WebSite","@id":"https:\/\/www.humatica.com\/#website","url":"https:\/\/www.humatica.com\/","name":"Humatica","description":"Activate organizations. Deliver alpha.","publisher":{"@id":"https:\/\/www.humatica.com\/#organization"},"potentialAction":[{"@type":"SearchAction","target":{"@type":"EntryPoint","urlTemplate":"https:\/\/www.humatica.com\/?s={search_term_string}"},"query-input":{"@type":"PropertyValueSpecification","valueRequired":true,"valueName":"search_term_string"}}],"inLanguage":"de"},{"@type":"Organization","@id":"https:\/\/www.humatica.com\/#organization","name":"Humatica","url":"https:\/\/www.humatica.com\/","logo":{"@type":"ImageObject","inLanguage":"de","@id":"https:\/\/www.humatica.com\/#\/schema\/logo\/image\/","url":"https:\/\/www.humatica.com\/wp-content\/uploads\/2020\/12\/humatica-footer-logo@2x.png","contentUrl":"https:\/\/www.humatica.com\/wp-content\/uploads\/2020\/12\/humatica-footer-logo@2x.png","width":412,"height":146,"caption":"Humatica"},"image":{"@id":"https:\/\/www.humatica.com\/#\/schema\/logo\/image\/"},"sameAs":["https:\/\/www.linkedin.com\/company\/humatica-ag\/"]}]}},"_links":{"self":[{"href":"https:\/\/www.humatica.com\/de\/wp-json\/wp\/v2\/pages\/109","targetHints":{"allow":["GET"]}}],"collection":[{"href":"https:\/\/www.humatica.com\/de\/wp-json\/wp\/v2\/pages"}],"about":[{"href":"https:\/\/www.humatica.com\/de\/wp-json\/wp\/v2\/types\/page"}],"author":[{"embeddable":true,"href":"https:\/\/www.humatica.com\/de\/wp-json\/wp\/v2\/users\/1"}],"replies":[{"embeddable":true,"href":"https:\/\/www.humatica.com\/de\/wp-json\/wp\/v2\/comments?post=109"}],"version-history":[{"count":59,"href":"https:\/\/www.humatica.com\/de\/wp-json\/wp\/v2\/pages\/109\/revisions"}],"predecessor-version":[{"id":8828,"href":"https:\/\/www.humatica.com\/de\/wp-json\/wp\/v2\/pages\/109\/revisions\/8828"}],"wp:featuredmedia":[{"embeddable":true,"href":"https:\/\/www.humatica.com\/de\/wp-json\/wp\/v2\/media\/270"}],"wp:attachment":[{"href":"https:\/\/www.humatica.com\/de\/wp-json\/wp\/v2\/media?parent=109"}],"curies":[{"name":"wp","href":"https:\/\/api.w.org\/{rel}","templated":true}]}}